{"id":1158,"date":"2022-06-15T07:41:41","date_gmt":"2022-06-15T07:41:41","guid":{"rendered":"https:\/\/nicktesting.kinsta.cloud\/shopdiko1\/?page_id=1158"},"modified":"2025-08-20T10:22:15","modified_gmt":"2025-08-20T10:22:15","slug":"stories","status":"publish","type":"page","link":"https:\/\/lycapt.com\/en\/stories\/","title":{"rendered":"Stories"},"content":{"rendered":"<div data-elementor-type=\"wp-page\" data-elementor-id=\"1158\" class=\"elementor elementor-1158\" data-elementor-post-type=\"page\">\n\t\t\t\t<div class=\"elementor-element elementor-element-5411871 e-con-full e-flex wpr-particle-no wpr-jarallax-no wpr-parallax-no wpr-sticky-section-no e-con e-parent\" data-id=\"5411871\" data-element_type=\"container\" data-settings=\"{&quot;background_background&quot;:&quot;classic&quot;}\">\n\t\t\t\t<div class=\"elementor-element elementor-element-37f3364 elementor-widget elementor-widget-image\" data-id=\"37f3364\" data-element_type=\"widget\" data-widget_type=\"image.default\">\n\t\t\t\t\t\t\t\t\t\t\t\t\t\t\t<img fetchpriority=\"high\" decoding=\"async\" width=\"960\" height=\"165\" src=\"https:\/\/lycapt.com\/wp-content\/uploads\/2025\/08\/Untitled_Artwork-2-e1754393879802.png\" class=\"attachment-large size-large wp-image-14630\" alt=\"\" \/>\t\t\t\t\t\t\t\t\t\t\t\t\t\t\t<\/div>\n\t\t\t\t<div class=\"elementor-element elementor-element-2cb1ceb elementor-widget__width-initial elementor-widget elementor-widget-text-editor\" data-id=\"2cb1ceb\" data-element_type=\"widget\" data-widget_type=\"text-editor.default\">\n\t\t\t\t\t\t\t\t\t<p>Khi s\u1ef1 thanh l\u1ecbch kh\u00f4ng c\u00f2n l\u00e0 th\u1ee9 ai c\u0169ng c\u00f3 th\u1ec3 ch\u1ea1m t\u1edbi. Khi ng\u01b0\u1eddi ph\u1ee5 n\u1eef b\u1eaft \u0111\u1ea7u g\u1ea1t b\u1edbt nh\u1eefng \u0111i\u1ec1u kh\u00f4ng c\u1ea7n thi\u1ebft,<\/p><p>h\u1ecd ch\u1ecdn l\u1ecdc v\u00e0 m\u1eb7c nh\u01b0 m\u1ed9t c\u00e1ch gi\u1eef l\u1ea1i b\u1ea3n th\u1ec3 \u2013 c\u0169ng nh\u01b0 kh\u00f4ng t\u00ecm c\u00e1ch v\u1eeba m\u1eaft s\u1ed1 \u0111\u00f4ng.<\/p><p style=\"text-align: center;\">V\u00ec c\u00f3 nh\u1eefng v\u1ebb \u0111\u1eb9p kh\u00f4ng \u0111\u1ec3 chi\u1ec1u l\u00f2ng \u0111\u1ea1i ch\u00fang, l\u1eb7ng l\u1ebd \u2013 nh\u01b0ng lu\u00f4n hi\u1ec7n di\u1ec7n.<br \/><strong>V\u00e0 \u0111\u00f3 c\u0169ng l\u00e0 l\u00fac LYCAPT b\u1eaft \u0111\u1ea7u&#8230;<\/strong><\/p>\t\t\t\t\t\t\t\t<\/div>\n\t\t<div class=\"elementor-element elementor-element-bd69c43 e-con-full e-flex wpr-particle-no wpr-jarallax-no wpr-parallax-no wpr-sticky-section-no e-con e-child\" data-id=\"bd69c43\" data-element_type=\"container\">\n\t\t\t\t<\/div>\n\t\t\t\t<\/div>\n\t\t<div class=\"elementor-element elementor-element-984ed55 e-flex e-con-boxed wpr-particle-no wpr-jarallax-no wpr-parallax-no wpr-sticky-section-no e-con e-parent\" data-id=\"984ed55\" data-element_type=\"container\">\n\t\t\t\t\t<div class=\"e-con-inner\">\n\t\t<div class=\"elementor-element elementor-element-575ae80 e-con-full e-flex wpr-particle-no wpr-jarallax-no wpr-parallax-no wpr-sticky-section-no e-con e-child\" data-id=\"575ae80\" data-element_type=\"container\">\n\t\t\t\t<div class=\"elementor-element elementor-element-27ce04b elementor-widget-tablet__width-inherit elementor-widget elementor-widget-heading\" data-id=\"27ce04b\" data-element_type=\"widget\" data-widget_type=\"heading.default\">\n\t\t\t\t\t<h2 class=\"elementor-heading-title elementor-size-default\">V\u00cc SAO CH\u00daNG T\u00d4I T\u1ed2N T\u1ea0I?<\/h2>\t\t\t\t<\/div>\n\t\t\t\t<div class=\"elementor-element elementor-element-7fae876 elementor-widget__width-initial elementor-widget elementor-widget-text-editor\" data-id=\"7fae876\" data-element_type=\"widget\" data-widget_type=\"text-editor.default\">\n\t\t\t\t\t\t\t\t\t<p>\ud835\udc3f\ud835\udc4c\ud835\udc36\ud835\udc34\ud835\udc43\ud835\udc47 sinh ra v\u1edbi ni\u1ec1m tin r\u1eb1ng v\u1ebb \u0111\u1eb9p th\u1ef1c s\u1ef1 kh\u00f4ng c\u1ea7n ph\u00f4 tr\u01b0\u01a1ng \u0111\u1ec3 \u0111\u01b0\u1ee3c nh\u00ecn th\u1ea5y. Ch\u00fang t\u00f4i t\u1ed3n t\u1ea1i \u0111\u1ec3 m\u1ed7i ng\u01b0\u1eddi ph\u1ee5 n\u1eef c\u00f3 th\u1ec3 d\u1ecbu d\u00e0ng tr\u1edf v\u1ec1 v\u1edbi b\u1ea3n th\u00e2n m\u00ecnh nh\u01b0 n\u1ee5 hoa t\u00ecm v\u1ec1 v\u1edbi thi\u00ean nhi\u00ean v\u00e0 t\u1ecfa s\u00e1ng r\u1ef1c r\u1ee1 d\u01b0\u1edbi \u00e1nh m\u1eb7t tr\u1eddi.<\/p><p>Kh\u00f4ng c\u1ea7n g\u1ed3ng m\u00ecnh \u0111\u1ec3 &#8220;\u0111\u00fang chu\u1ea9n&#8221; nh\u01b0 nh\u1eefng chi\u1ebfc khu\u00f4n c\u1ee9ng nh\u1eafc. Kh\u00f4ng c\u1ea7n ch\u1ea1y theo nh\u1eefng \u0111i\u1ec1u kh\u00f4ng thu\u1ed9c v\u1ec1 m\u00ecnh nh\u01b0 l\u00e0n s\u00f3ng \u0111u\u1ed5i theo gi\u00f3.<\/p><p><em>B\u1edfi v\u1ebb \u0111\u1eb9p th\u1ef1c s\u1ef1 lu\u00f4n hi\u1ec7n h\u1eefu khi b\u1ea1n t\u1ef1 do l\u00e0 ch\u00ednh b\u1ea1n &#8211; nh\u01b0 c\u00e1ch ng\u1ecdn n\u1ebfn kh\u00f4ng c\u1ea7n so s\u00e1nh v\u1edbi m\u1eb7t tr\u1eddi \u0111\u1ec3 bi\u1ebft m\u00ecnh \u0111ang t\u1ecfa s\u00e1ng.<\/em><\/p>\t\t\t\t\t\t\t\t<\/div>\n\t\t\t\t<\/div>\n\t\t<div class=\"elementor-element elementor-element-29edee4 e-con-full e-flex wpr-particle-no wpr-jarallax-no wpr-parallax-no wpr-sticky-section-no e-con e-child\" data-id=\"29edee4\" data-element_type=\"container\" data-settings=\"{&quot;background_background&quot;:&quot;classic&quot;}\">\n\t\t\t\t<div class=\"elementor-element elementor-element-90bca83 elementor-widget elementor-widget-image\" data-id=\"90bca83\" data-element_type=\"widget\" data-widget_type=\"image.default\">\n\t\t\t\t\t\t\t\t\t\t\t\t\t\t\t<img decoding=\"async\" width=\"768\" height=\"1024\" src=\"https:\/\/lycapt.com\/wp-content\/uploads\/2025\/08\/DSCF5961-768x1024.jpg\" class=\"attachment-large size-large wp-image-15079\" alt=\"\" srcset=\"https:\/\/lycapt.com\/wp-content\/uploads\/2025\/08\/DSCF5961-768x1024.jpg 768w, https:\/\/lycapt.com\/wp-content\/uploads\/2025\/08\/DSCF5961-600x800.jpg 600w, https:\/\/lycapt.com\/wp-content\/uploads\/2025\/08\/DSCF5961-64x85.jpg 64w, https:\/\/lycapt.com\/wp-content\/uploads\/2025\/08\/DSCF5961-225x300.jpg 225w, https:\/\/lycapt.com\/wp-content\/uploads\/2025\/08\/DSCF5961-1152x1536.jpg 1152w, https:\/\/lycapt.com\/wp-content\/uploads\/2025\/08\/DSCF5961.jpg 1341w\" sizes=\"(max-width: 768px) 100vw, 768px\" \/>\t\t\t\t\t\t\t\t\t\t\t\t\t\t\t<\/div>\n\t\t\t\t<\/div>\n\t\t\t\t\t<\/div>\n\t\t\t\t<\/div>\n\t\t<div class=\"elementor-element elementor-element-96da80e e-con-full e-flex wpr-particle-no wpr-jarallax-no wpr-parallax-no wpr-sticky-section-no e-con e-parent\" data-id=\"96da80e\" data-element_type=\"container\" data-settings=\"{&quot;background_background&quot;:&quot;classic&quot;}\">\n\t\t\t\t<\/div>\n\t\t<div class=\"elementor-element elementor-element-69919cd e-flex e-con-boxed wpr-particle-no wpr-jarallax-no wpr-parallax-no wpr-sticky-section-no e-con e-parent\" data-id=\"69919cd\" data-element_type=\"container\" data-settings=\"{&quot;background_background&quot;:&quot;classic&quot;}\">\n\t\t\t\t\t<div class=\"e-con-inner\">\n\t\t<div class=\"elementor-element elementor-element-e0e5fd8 e-con-full e-flex wpr-particle-no wpr-jarallax-no wpr-parallax-no wpr-sticky-section-no e-con e-child\" data-id=\"e0e5fd8\" data-element_type=\"container\">\n\t\t\t\t<div class=\"elementor-element elementor-element-e78602d elementor-widget-tablet__width-inherit elementor-widget elementor-widget-heading\" data-id=\"e78602d\" data-element_type=\"widget\" data-widget_type=\"heading.default\">\n\t\t\t\t\t<h2 class=\"elementor-heading-title elementor-size-default\">CH\u00daNG T\u00d4I MANG \u0110\u1ebeN \u0110I\u1ec0U G\u00cc?<\/h2>\t\t\t\t<\/div>\n\t\t\t\t<div class=\"elementor-element elementor-element-febab1f elementor-widget__width-initial elementor-widget elementor-widget-text-editor\" data-id=\"febab1f\" data-element_type=\"widget\" data-widget_type=\"text-editor.default\">\n\t\t\t\t\t\t\t\t\t<p>T\u1eebng thi\u1ebft k\u1ebf l\u00e0 kho\u1ea3ng kh\u00f4ng gian t\u0129nh l\u1eb7ng &#8211; v\u1eeba v\u1eb7n nh\u01b0 c\u00e1i \u00f4m c\u1ee7a ng\u01b0\u1eddi m\u1eb9, g\u1ecdn gh\u1ebd nh\u01b0ng lu\u00f4n l\u01b0u l\u1ea1i d\u01b0 v\u1ecb nh\u01b0 h\u01b0\u01a1ng tr\u00e0 sau khi c\u1ea1n.<\/p><p>LYCAPT kh\u00f4ng \u0111\u1ecbnh ngh\u0129a v\u1ebb \u0111\u1eb9p cho b\u1ea1n &#8211; m\u00e0 ch\u1ec9 kh\u1ebd trao nh\u1eefng thanh \u00e2m d\u1ecbu d\u00e0ng nh\u1ea5t. \u0110\u1ec3 r\u1ed3i ch\u00ednh b\u1ea1n, b\u1eb1ng thanh \u00e2m ri\u00eang c\u1ee7a t\u00e2m h\u1ed3n, kh\u1ebd ng\u00e2n l\u00ean b\u1ea3n h\u00f2a ca c\u1ee7a ch\u00ednh m\u00ecnh.<\/p><p>LYCAPT \u2014 n\u01a1i nh\u1eefng ng\u01b0\u1eddi ph\u1ee5 n\u1eef b\u00ecnh y\u00ean t\u1ecfa s\u00e1ng b\u1eb1ng s\u1ef1 hi\u1ec7n di\u1ec7n ch\u00e2n th\u1eadt nh\u1ea5t, nh\u01b0 c\u00e1ch \u00e1nh tr\u0103ng im l\u1eb7ng m\u00e0 v\u1eabn th\u1eafp s\u00e1ng c\u1ea3 b\u1ea7u tr\u1eddi \u0111\u00eam.<\/p>\t\t\t\t\t\t\t\t<\/div>\n\t\t\t\t<\/div>\n\t\t<div class=\"elementor-element elementor-element-27d5a07 e-con-full e-flex wpr-particle-no wpr-jarallax-no wpr-parallax-no wpr-sticky-section-no e-con e-child\" data-id=\"27d5a07\" data-element_type=\"container\" data-settings=\"{&quot;background_background&quot;:&quot;classic&quot;}\">\n\t\t\t\t<\/div>\n\t\t\t\t\t<\/div>\n\t\t\t\t<\/div>\n\t\t\t\t<\/div>","protected":false},"excerpt":{"rendered":"<p>Khi s\u1ef1 thanh l\u1ecbch kh\u00f4ng c\u00f2n l\u00e0 th\u1ee9 ai c\u0169ng c\u00f3 th\u1ec3 ch\u1ea1m t\u1edbi. Khi ng\u01b0\u1eddi ph\u1ee5 n\u1eef b\u1eaft \u0111\u1ea7u g\u1ea1t b\u1edbt nh\u1eefng \u0111i\u1ec1u kh\u00f4ng c\u1ea7n thi\u1ebft, h\u1ecd ch\u1ecdn l\u1ecdc v\u00e0 m\u1eb7c nh\u01b0 m\u1ed9t c\u00e1ch gi\u1eef l\u1ea1i b\u1ea3n th\u1ec3 \u2013 c\u0169ng nh\u01b0 kh\u00f4ng t\u00ecm c\u00e1ch v\u1eeba m\u1eaft s\u1ed1 \u0111\u00f4ng. V\u00ec c\u00f3 nh\u1eefng v\u1ebb \u0111\u1eb9p kh\u00f4ng \u0111\u1ec3 chi\u1ec1u l\u00f2ng \u0111\u1ea1i ch\u00fang, l\u1eb7ng l\u1ebd \u2013 nh\u01b0ng lu\u00f4n hi\u1ec7n di\u1ec7n.V\u00e0 \u0111\u00f3 c\u0169ng l\u00e0 l\u00fac LYCAPT b\u1eaft \u0111\u1ea7u&#8230; V\u00cc SAO CH\u00daNG T\u00d4I T\u1ed2N T\u1ea0I? \ud835\udc3f\ud835\udc4c\ud835\udc36\ud835\udc34\ud835\udc43\ud835\udc47 sinh ra v\u1edbi ni\u1ec1m tin r\u1eb1ng v\u1ebb \u0111\u1eb9p th\u1ef1c s\u1ef1 kh\u00f4ng c\u1ea7n ph\u00f4 tr\u01b0\u01a1ng \u0111\u1ec3 \u0111\u01b0\u1ee3c nh\u00ecn th\u1ea5y. Ch\u00fang t\u00f4i t\u1ed3n t\u1ea1i \u0111\u1ec3 m\u1ed7i ng\u01b0\u1eddi ph\u1ee5 n\u1eef c\u00f3 th\u1ec3 d\u1ecbu d\u00e0ng tr\u1edf v\u1ec1 v\u1edbi b\u1ea3n th\u00e2n m\u00ecnh nh\u01b0 n\u1ee5 hoa t\u00ecm v\u1ec1 v\u1edbi thi\u00ean nhi\u00ean v\u00e0 t\u1ecfa s\u00e1ng r\u1ef1c r\u1ee1 d\u01b0\u1edbi \u00e1nh m\u1eb7t tr\u1eddi. Kh\u00f4ng c\u1ea7n g\u1ed3ng m\u00ecnh \u0111\u1ec3 &#8220;\u0111\u00fang chu\u1ea9n&#8221; nh\u01b0 nh\u1eefng chi\u1ebfc khu\u00f4n c\u1ee9ng nh\u1eafc. Kh\u00f4ng c\u1ea7n ch\u1ea1y theo nh\u1eefng \u0111i\u1ec1u kh\u00f4ng thu\u1ed9c v\u1ec1 m\u00ecnh nh\u01b0 l\u00e0n s\u00f3ng \u0111u\u1ed5i theo gi\u00f3. B\u1edfi v\u1ebb \u0111\u1eb9p th\u1ef1c s\u1ef1 lu\u00f4n hi\u1ec7n h\u1eefu khi b\u1ea1n t\u1ef1 do l\u00e0 ch\u00ednh b\u1ea1n &#8211; nh\u01b0 c\u00e1ch ng\u1ecdn n\u1ebfn kh\u00f4ng c\u1ea7n so s\u00e1nh v\u1edbi m\u1eb7t tr\u1eddi \u0111\u1ec3 bi\u1ebft m\u00ecnh \u0111ang t\u1ecfa s\u00e1ng. CH\u00daNG T\u00d4I MANG \u0110\u1ebeN \u0110I\u1ec0U G\u00cc? T\u1eebng thi\u1ebft k\u1ebf l\u00e0 kho\u1ea3ng kh\u00f4ng gian t\u0129nh l\u1eb7ng &#8211; v\u1eeba v\u1eb7n nh\u01b0 c\u00e1i \u00f4m c\u1ee7a ng\u01b0\u1eddi m\u1eb9, g\u1ecdn gh\u1ebd nh\u01b0ng lu\u00f4n l\u01b0u l\u1ea1i d\u01b0 v\u1ecb nh\u01b0 h\u01b0\u01a1ng tr\u00e0 sau khi c\u1ea1n. LYCAPT kh\u00f4ng \u0111\u1ecbnh ngh\u0129a v\u1ebb \u0111\u1eb9p cho b\u1ea1n &#8211; m\u00e0 ch\u1ec9 kh\u1ebd trao nh\u1eefng thanh \u00e2m d\u1ecbu d\u00e0ng nh\u1ea5t. \u0110\u1ec3 r\u1ed3i ch\u00ednh b\u1ea1n, b\u1eb1ng thanh \u00e2m ri\u00eang c\u1ee7a t\u00e2m h\u1ed3n, kh\u1ebd ng\u00e2n l\u00ean b\u1ea3n h\u00f2a ca c\u1ee7a ch\u00ednh m\u00ecnh. LYCAPT \u2014 n\u01a1i nh\u1eefng ng\u01b0\u1eddi ph\u1ee5 n\u1eef b\u00ecnh y\u00ean t\u1ecfa s\u00e1ng b\u1eb1ng s\u1ef1 hi\u1ec7n di\u1ec7n ch\u00e2n th\u1eadt nh\u1ea5t, nh\u01b0 c\u00e1ch \u00e1nh tr\u0103ng im l\u1eb7ng m\u00e0 v\u1eabn th\u1eafp s\u00e1ng c\u1ea3 b\u1ea7u tr\u1eddi \u0111\u00eam.<\/p>","protected":false},"author":1,"featured_media":0,"parent":0,"menu_order":0,"comment_status":"closed","ping_status":"closed","template":"elementor_canvas","meta":{"footnotes":""},"class_list":["post-1158","page","type-page","status-publish","hentry"],"_hostinger_reach_plugin_has_subscription_block":false,"_hostinger_reach_plugin_is_elementor":false,"_links":{"self":[{"href":"https:\/\/lycapt.com\/en\/wp-json\/wp\/v2\/pages\/1158","targetHints":{"allow":["GET"]}}],"collection":[{"href":"https:\/\/lycapt.com\/en\/wp-json\/wp\/v2\/pages"}],"about":[{"href":"https:\/\/lycapt.com\/en\/wp-json\/wp\/v2\/types\/page"}],"author":[{"embeddable":true,"href":"https:\/\/lycapt.com\/en\/wp-json\/wp\/v2\/users\/1"}],"replies":[{"embeddable":true,"href":"https:\/\/lycapt.com\/en\/wp-json\/wp\/v2\/comments?post=1158"}],"version-history":[{"count":214,"href":"https:\/\/lycapt.com\/en\/wp-json\/wp\/v2\/pages\/1158\/revisions"}],"predecessor-version":[{"id":15767,"href":"https:\/\/lycapt.com\/en\/wp-json\/wp\/v2\/pages\/1158\/revisions\/15767"}],"wp:attachment":[{"href":"https:\/\/lycapt.com\/en\/wp-json\/wp\/v2\/media?parent=1158"}],"curies":[{"name":"wp","href":"https:\/\/api.w.org\/{rel}","templated":true}]}}