{"id":14321,"date":"2025-07-20T12:39:46","date_gmt":"2025-07-20T12:39:46","guid":{"rendered":"https:\/\/lycapt.com\/?post_type=product&#038;p=14321"},"modified":"2025-08-20T06:33:52","modified_gmt":"2025-08-20T06:33:52","slug":"hong-huyen","status":"publish","type":"product","link":"https:\/\/lycapt.com\/en\/product\/hong-huyen\/","title":{"rendered":"H\u1ed3ng Huy\u1ec1n | Timeless Design"},"content":{"rendered":"<p>M\u1ed9t thi\u1ebft k\u1ebf t\u00f4n d\u00e1ng v\u1eeba \u0111\u1ee7 \u2013 thanh l\u1ecbch, n\u1eef t\u00ednh v\u00e0 v\u1eabn c\u00f3 ch\u00fat c\u00e1 t\u00ednh r\u1ea5t ri\u00eang.<\/p>\n<p><strong>Ch\u1ea5t li\u1ec7u:<\/strong> Thun r\u0169 cao c\u1ea5p \u2013 m\u1ec1m m\u1ea1i, tho\u00e1ng m\u00e1t, \u00f4m nh\u1eb9 theo d\u00e1ng c\u01a1 th\u1ec3 nh\u01b0ng v\u1eabn gi\u1eef \u0111\u01b0\u1ee3c \u0111\u1ed9 t\u1ef1 nhi\u00ean, mang l\u1ea1i c\u1ea3m gi\u00e1c tho\u1ea3i m\u00e1i trong t\u1eebng chuy\u1ec3n \u0111\u1ed9ng.<br \/>\n<strong>\u00c1o:<\/strong> \u00c1o thun d\u00e0i tay d\u00e1ng croptop, thi\u1ebft k\u1ebf g\u1ecdn g\u00e0ng v\u1edbi h\u00e0ng c\u00fac th\u1ee7 c\u00f4ng tinh x\u1ea3o. M\u1ed9t \u0111i\u1ec3m ch\u1ea1m nh\u1ecf nh\u01b0ng \u0111\u1ee7 \u0111\u1ec3 g\u1ee3i m\u1edf s\u1ef1 n\u1eef t\u00ednh v\u00e0 n\u00e9t thanh l\u1ecbch tinh t\u1ebf.<br \/>\n<strong>Qu\u1ea7n:<\/strong> Qu\u1ea7n short thun xo\u00e8 nh\u1eb9, \u0111i\u1ec3m nh\u1ea5n l\u00e0 chi ti\u1ebft hoa nh\u1ecf \u1edf trung t\u00e2m \u2013 v\u1eeba t\u1ea1o s\u1ef1 thu\u1ea7n khi\u1ebft, v\u1eeba mang l\u1ea1i c\u1ea3m gi\u00e1c thanh tho\u00e1t, nh\u1eb9 nh\u00e0ng cho d\u00e1ng ng\u01b0\u1eddi.<br \/>\n<strong>M\u00e0u s\u1eafc:<\/strong> \u0110en<br \/>\n<strong>Size<\/strong>: S &#8211; M<br \/>\n<strong>T\u00ednh \u1ee9ng d\u1ee5ng<\/strong>: M\u1ed9t set \u0111\u1ed3 linh ho\u1ea1t \u2013 v\u1eeba ho\u00e0n h\u1ea3o \u0111\u1ec3 \u1edf nh\u00e0 trong s\u1ef1 tho\u1ea3i m\u00e1i, v\u1eeba \u0111\u1ee7 phong c\u00e1ch t\u1ed1i gi\u1ea3n \u2013 hi\u1ec7n \u0111\u1ea1i \u0111\u1ec3 xu\u1ed1ng ph\u1ed1.<\/p>\n<p><strong>H\u01b0\u1edbng d\u1eabn b\u1ea3o qu\u1ea3n trang ph\u1ee5c LYCAPT<\/strong><br \/>\nM\u1ed7i thi\u1ebft k\u1ebf c\u1ee7a LYCAPT kh\u00f4ng ch\u1ec9 l\u00e0 m\u1ed9t m\u00f3n \u0111\u1ed3, m\u00e0 c\u00f2n l\u00e0 nh\u1ecbp th\u1edf c\u1ee7a s\u1ef1 thanh l\u1ecbch v\u00e0 tinh t\u1ebf. \u0110\u1ec3 gi\u1eef cho t\u1eebng \u0111\u01b0\u1eddng kim, m\u0169i ch\u1ec9 v\u00e0 ch\u1ea5t li\u1ec7u lu\u00f4n b\u1ec1n \u0111\u1eb9p nh\u01b0 l\u00fac \u0111\u1ea7u, h\u00e3y c\u00f9ng ch\u00fang t\u00f4i l\u1eafng nghe v\u00e0 ch\u0103m ch\u00fat cho trang ph\u1ee5c theo c\u00e1ch d\u1ecbu d\u00e0ng nh\u1ea5t:<\/p>\n<p>\u0110\u1ed1i v\u1edbi s\u1ea3n ph\u1ea9m H\u1ed3ng Huy\u1ec1n t\u1eeb Thun l\u1ee5a \u2013 Tho\u1ea3i m\u00e1i &amp; \u1ee9ng d\u1ee5ng h\u1eb1ng ng\u00e0y<br \/>\n&#8211; Gi\u1eb7t tay ho\u1eb7c gi\u1eb7t m\u00e1y \u1edf ch\u1ebf \u0111\u1ed9 nh\u1eb9, tr\u00e1nh d\u00f9ng n\u01b0\u1edbc n\u00f3ng tr\u00ean 40\u00b0C.<br \/>\n&#8211; Kh\u00f4ng d\u00f9ng ch\u1ea5t t\u1ea9y m\u1ea1nh, c\u0169ng \u0111\u1eebng v\u1eaft qu\u00e1 tay sau khi gi\u1eb7t.<br \/>\n&#8211; Ph\u01a1i \u1edf n\u01a1i tho\u00e1ng m\u00e1t, tr\u00e1nh \u00e1nh n\u1eafng g\u1eaft \u0111\u1ec3 cotton gi\u1eef \u0111\u01b0\u1ee3c s\u1ef1 m\u1ec1m m\u1ea1i b\u1ec1n l\u00e2u.<\/p>\n<p>M\u1ed7i thi\u1ebft k\u1ebf kh\u00f4ng ch\u1ec9 l\u00e0 trang ph\u1ee5c, m\u00e0 c\u00f2n l\u00e0 m\u1ed9t l\u1eddi th\u1ee7 th\u1ec9 d\u1ecbu d\u00e0ng c\u00f9ng t\u00e2m h\u1ed3n b\u1ea1n. Ch\u00fang t\u00f4i tin r\u1eb1ng s\u1ef1 thanh l\u1ecbch kh\u00f4ng c\u1ea7n g\u01b0\u1ee3ng \u00e9p, v\u00e0 LYCAPT lu\u00f4n \u0111\u1ed3ng h\u00e0nh c\u00f9ng b\u1ea1n \u201cm\u1eb7c\u201d \u0111\u1ec3 \u201cc\u1ea3m\u201d \u2013 tho\u1ea3i m\u00e1i l\u00e0 ch\u00ednh m\u00ecnh, trong v\u1ebb \u0111\u1eb9p tr\u1ecdn v\u1eb9n.<\/p>","protected":false},"excerpt":{"rendered":"<p>H\u1ed3ng Huy\u1ec1n m\u1ed9t thi\u1ebft k\u1ebf kh\u00f4ng c\u1ea7n l\u1eddi gi\u1edbi thi\u1ec7u. Chi\u1ebfc \u00e1o thun g\u00e0i n\u00fat d\u00e1ng \u00f4m c\u00f9ng qu\u1ea7n short v\u1ea3i m\u1ec1m nh\u01b0 m\u1ed9t n\u1ed1t tr\u1ea7m\u2026 Ch\u1ec9 c\u1ea7n m\u1eb7c l\u00ean, m\u1ecdi th\u1ee9 t\u1ef1 kh\u1eafc tr\u1edf n\u00ean l\u1eb7ng l\u1ebd m\u00e0 n\u1ed5i b\u1eadt \u2013 nh\u01b0 c\u00e1ch \u0111\u00eam \u0111en lu\u00f4n l\u00e0m n\u1ec1n cho nh\u1eefng v\u00ec sao t\u1ecfa s\u00e1ng.<\/p>","protected":false},"featured_media":14266,"comment_status":"open","ping_status":"closed","template":"","meta":[],"product_brand":[],"product_cat":[285,269],"product_tag":[],"class_list":{"0":"post-14321","1":"product","2":"type-product","3":"status-publish","4":"has-post-thumbnail","6":"product_cat-ban-phoi","7":"product_cat-sol-collection","8":"pa_chon-kich-co-l","9":"pa_chon-kich-co-m","10":"pa_chon-kich-co-s","12":"first","13":"instock","14":"taxable","15":"shipping-taxable","16":"purchasable","17":"product-type-variable"},"_links":{"self":[{"href":"https:\/\/lycapt.com\/en\/wp-json\/wp\/v2\/product\/14321","targetHints":{"allow":["GET"]}}],"collection":[{"href":"https:\/\/lycapt.com\/en\/wp-json\/wp\/v2\/product"}],"about":[{"href":"https:\/\/lycapt.com\/en\/wp-json\/wp\/v2\/types\/product"}],"replies":[{"embeddable":true,"href":"https:\/\/lycapt.com\/en\/wp-json\/wp\/v2\/comments?post=14321"}],"wp:featuredmedia":[{"embeddable":true,"href":"https:\/\/lycapt.com\/en\/wp-json\/wp\/v2\/media\/14266"}],"wp:attachment":[{"href":"https:\/\/lycapt.com\/en\/wp-json\/wp\/v2\/media?parent=14321"}],"wp:term":[{"taxonomy":"product_brand","embeddable":true,"href":"https:\/\/lycapt.com\/en\/wp-json\/wp\/v2\/product_brand?post=14321"},{"taxonomy":"product_cat","embeddable":true,"href":"https:\/\/lycapt.com\/en\/wp-json\/wp\/v2\/product_cat?post=14321"},{"taxonomy":"product_tag","embeddable":true,"href":"https:\/\/lycapt.com\/en\/wp-json\/wp\/v2\/product_tag?post=14321"}],"curies":[{"name":"wp","href":"https:\/\/api.w.org\/{rel}","templated":true}]}}