{"id":14329,"date":"2025-07-20T12:41:28","date_gmt":"2025-07-20T12:41:28","guid":{"rendered":"https:\/\/lycapt.com\/?post_type=product&#038;p=14329"},"modified":"2025-08-20T06:33:35","modified_gmt":"2025-08-20T06:33:35","slug":"hong-tro","status":"publish","type":"product","link":"https:\/\/lycapt.com\/en\/product\/hong-tro\/","title":{"rendered":"H\u1ed3ng Tro | Timeless Design"},"content":{"rendered":"<p>M\u1ed9t thi\u1ebft k\u1ebf t\u00f4n d\u00e1ng v\u1eeba \u0111\u1ee7 &#8211; n\u1ed5i b\u1eadt v\u1edbi m\u00e0u tro l\u1ea1 m\u1eaft v\u00e0 cu\u1ed1n h\u00fat, g\u1ee3i n\u00ean v\u1ebb \u0111\u1eb9p cu\u1ed1n h\u00fat \u0111\u1ea7y chi\u1ec1u s\u00e2u, v\u1eeba tinh gi\u1ea3n v\u1eeba \u0111\u1ed9c \u0111\u00e1o.<\/p>\n<p><strong>Ch\u1ea5t li\u1ec7u:<\/strong> Thun r\u0169 cao c\u1ea5p \u2013 m\u1ec1m m\u1ea1i, \u00f4m nh\u1eb9 l\u1ea5y \u0111\u01b0\u1eddng cong c\u01a1 th\u1ec3 nh\u01b0ng v\u1eabn gi\u1eef \u0111\u01b0\u1ee3c \u0111\u1ed9 tho\u00e1ng m\u00e1t, \u0111em l\u1ea1i c\u1ea3m gi\u00e1c t\u1ef1 do, tho\u1ea3i m\u00e1i trong t\u1eebng chuy\u1ec3n \u0111\u1ed9ng.<br \/>\n<strong>\u00c1o<\/strong>:\u00c1o thun d\u00e0i tay d\u00e1ng croptop, \u0111\u01b0\u1ee3c \u0111i\u1ec3m xuy\u1ebft h\u00e0ng c\u00fac th\u1ee7 c\u00f4ng tinh t\u1ebf \u2013 s\u1ef1 ch\u1ea1m kh\u1ebd c\u1ee7a n\u00e9t n\u1eef t\u00ednh, nh\u1eb9 nh\u00e0ng m\u00e0 v\u1eabn sang tr\u1ecdng.<br \/>\n<strong>Qu\u1ea7n:<\/strong> Qu\u1ea7n short thun xo\u00e8 nh\u1eb9, \u0111i\u1ec3m nh\u1ea5n b\u1eb1ng chi ti\u1ebft hoa nh\u1ecf \u1edf trung t\u00e2m \u2013 t\u1ea1o c\u1ea3m gi\u00e1c thanh tho\u00e1t, c\u00e2n b\u1eb1ng gi\u1eefa m\u1ec1m m\u1ea1i v\u00e0 c\u00e1 t\u00ednh.<br \/>\n<strong>M\u00e0u s\u1eafc:<\/strong> X\u00e1m Tro<br \/>\n<strong>Size:<\/strong> S &#8211; M<br \/>\n<strong>T\u00ednh \u1ee9ng d\u1ee5ng:<\/strong> M\u1ed9t set \u0111\u1ed3 linh ho\u1ea1t \u2013 c\u00f3 th\u1ec3 tho\u1ea3i m\u00e1i m\u1eb7c \u1edf nh\u00e0 trong nh\u1eefng kho\u1ea3nh kh\u1eafc th\u01b0 gi\u00e3n, ho\u1eb7c xu\u1ed1ng ph\u1ed1 v\u1edbi phong c\u00e1ch t\u1ed1i gi\u1ea3n, hi\u1ec7n \u0111\u1ea1i, \u0111\u1ec3 lu\u00f4n l\u00e0 ch\u00ednh m\u00ecnh.<\/p>\n<p><strong>H\u01b0\u1edbng d\u1eabn b\u1ea3o qu\u1ea3n trang ph\u1ee5c LYCAPT<\/strong><br \/>\nM\u1ed7i thi\u1ebft k\u1ebf c\u1ee7a LYCAPT kh\u00f4ng ch\u1ec9 l\u00e0 m\u1ed9t m\u00f3n \u0111\u1ed3, m\u00e0 c\u00f2n l\u00e0 nh\u1ecbp th\u1edf c\u1ee7a s\u1ef1 thanh l\u1ecbch v\u00e0 tinh t\u1ebf. \u0110\u1ec3 gi\u1eef cho t\u1eebng \u0111\u01b0\u1eddng kim, m\u0169i ch\u1ec9 v\u00e0 ch\u1ea5t li\u1ec7u lu\u00f4n b\u1ec1n \u0111\u1eb9p nh\u01b0 l\u00fac \u0111\u1ea7u, h\u00e3y c\u00f9ng ch\u00fang t\u00f4i l\u1eafng nghe v\u00e0 ch\u0103m ch\u00fat cho trang ph\u1ee5c theo c\u00e1ch d\u1ecbu d\u00e0ng nh\u1ea5t:<\/p>\n<p>\u0110\u1ed1i v\u1edbi s\u1ea3n ph\u1ea9m H\u1ed3ng Tro t\u1eeb Thun l\u1ee5a \u2013 Tho\u1ea3i m\u00e1i &amp; \u1ee9ng d\u1ee5ng h\u1eb1ng ng\u00e0y<br \/>\n&#8211; Gi\u1eb7t tay ho\u1eb7c gi\u1eb7t m\u00e1y \u1edf ch\u1ebf \u0111\u1ed9 nh\u1eb9, tr\u00e1nh d\u00f9ng n\u01b0\u1edbc n\u00f3ng tr\u00ean 40\u00b0C.<br \/>\n&#8211; Kh\u00f4ng d\u00f9ng ch\u1ea5t t\u1ea9y m\u1ea1nh, c\u0169ng \u0111\u1eebng v\u1eaft qu\u00e1 tay sau khi gi\u1eb7t.<br \/>\n&#8211; Ph\u01a1i \u1edf n\u01a1i tho\u00e1ng m\u00e1t, tr\u00e1nh \u00e1nh n\u1eafng g\u1eaft \u0111\u1ec3 cotton gi\u1eef \u0111\u01b0\u1ee3c s\u1ef1 m\u1ec1m m\u1ea1i b\u1ec1n l\u00e2u.<\/p>\n<p>M\u1ed7i thi\u1ebft k\u1ebf kh\u00f4ng ch\u1ec9 l\u00e0 trang ph\u1ee5c, m\u00e0 c\u00f2n l\u00e0 m\u1ed9t l\u1eddi th\u1ee7 th\u1ec9 d\u1ecbu d\u00e0ng c\u00f9ng t\u00e2m h\u1ed3n b\u1ea1n. Ch\u00fang t\u00f4i tin r\u1eb1ng s\u1ef1 thanh l\u1ecbch kh\u00f4ng c\u1ea7n g\u01b0\u1ee3ng \u00e9p, v\u00e0 LYCAPT lu\u00f4n \u0111\u1ed3ng h\u00e0nh c\u00f9ng b\u1ea1n \u201cm\u1eb7c\u201d \u0111\u1ec3 \u201cc\u1ea3m\u201d \u2013 tho\u1ea3i m\u00e1i l\u00e0 ch\u00ednh m\u00ecnh, trong v\u1ebb \u0111\u1eb9p tr\u1ecdn v\u1eb9n.<\/p>","protected":false},"excerpt":{"rendered":"<p>H\u1ed2NG TRO nh\u01b0 l\u00e0n kh\u00f3i d\u1ecbu d\u00e0ng \u1ea9n m\u00ecnh gi\u1eefa thi\u00ean nhi\u00ean. Kh\u00f4ng c\u1ea7n r\u1ef1c r\u1ee1, ch\u1ec9 c\u1ea7n \u0111\u00fang ch\u1ea5t \u2013 \u0111\u1ee7 \u0111\u1ec3 \u1edf l\u1ea1i th\u1eadt l\u00e2u trong \u00e1nh nh\u00ecn. Ch\u1ea5t v\u1ea3i m\u1ec1m r\u01a1i nh\u1eb9 tr\u00ean da, m\u1ed9t c\u00e1i \u00f4m \u0111\u1ee7 d\u1ecbu d\u00e0ng, \u0111\u1ee7 s\u00e2u s\u1eafc, \u0111\u1ee7 ch\u00e2n th\u1eadt.<\/p>","protected":false},"featured_media":14273,"comment_status":"open","ping_status":"closed","template":"","meta":[],"product_brand":[],"product_cat":[285,269],"product_tag":[],"class_list":{"0":"post-14329","1":"product","2":"type-product","3":"status-publish","4":"has-post-thumbnail","6":"product_cat-ban-phoi","7":"product_cat-sol-collection","8":"pa_chon-kich-co-l","9":"pa_chon-kich-co-m","10":"pa_chon-kich-co-s","12":"first","13":"instock","14":"taxable","15":"shipping-taxable","16":"purchasable","17":"product-type-variable"},"_links":{"self":[{"href":"https:\/\/lycapt.com\/en\/wp-json\/wp\/v2\/product\/14329","targetHints":{"allow":["GET"]}}],"collection":[{"href":"https:\/\/lycapt.com\/en\/wp-json\/wp\/v2\/product"}],"about":[{"href":"https:\/\/lycapt.com\/en\/wp-json\/wp\/v2\/types\/product"}],"replies":[{"embeddable":true,"href":"https:\/\/lycapt.com\/en\/wp-json\/wp\/v2\/comments?post=14329"}],"wp:featuredmedia":[{"embeddable":true,"href":"https:\/\/lycapt.com\/en\/wp-json\/wp\/v2\/media\/14273"}],"wp:attachment":[{"href":"https:\/\/lycapt.com\/en\/wp-json\/wp\/v2\/media?parent=14329"}],"wp:term":[{"taxonomy":"product_brand","embeddable":true,"href":"https:\/\/lycapt.com\/en\/wp-json\/wp\/v2\/product_brand?post=14329"},{"taxonomy":"product_cat","embeddable":true,"href":"https:\/\/lycapt.com\/en\/wp-json\/wp\/v2\/product_cat?post=14329"},{"taxonomy":"product_tag","embeddable":true,"href":"https:\/\/lycapt.com\/en\/wp-json\/wp\/v2\/product_tag?post=14329"}],"curies":[{"name":"wp","href":"https:\/\/api.w.org\/{rel}","templated":true}]}}